{"id":8,"date":"2025-09-25T09:03:20","date_gmt":"2025-09-25T09:03:20","guid":{"rendered":"https:\/\/www.drezynykarpacz.pl\/?page_id=8"},"modified":"2025-09-25T09:03:20","modified_gmt":"2025-09-25T09:03:20","slug":"o-blogu","status":"publish","type":"page","link":"https:\/\/drezynykarpacz.pl\/?page_id=8","title":{"rendered":"O blogu"},"content":{"rendered":"\n<p>Uprawa ro\u015blin nie musi by\u0107 trudna ani zarezerwowana dla profesjonalist\u00f3w. Ten blog powsta\u0142, aby inspirowa\u0107 i wspiera\u0107 wszystkich, kt\u00f3rzy chc\u0105 cieszy\u0107 si\u0119 w\u0142asnymi plonami i pi\u0119knym ogrodem. Znajdziesz tu wiedz\u0119 praktyczn\u0105, sprawdzone porady oraz przyst\u0119pne wyja\u015bnienia \u2013 bez fachowego \u017cargonu, za to z pasj\u0105 i sercem do natury.<\/p>\n\n\n\n<p>\u2728 Jak sadzi\u0107 i piel\u0119gnowa\u0107 warzywa w przydomowym ogrodzie<br>\ud83c\udf31 Jak korzysta\u0107 z tuneli foliowych, inspekt\u00f3w i prostych konstrukcji<br>\ud83c\udf3c Jak chroni\u0107 ro\u015bliny w naturalny spos\u00f3b, bez ci\u0119\u017ckiej chemii<br>\ud83c\udf45 Jak planowa\u0107 uprawy, by ziemia odp\u0142aca\u0142a zdrowymi plonami<br>\ud83c\udf33 Jak \u0142\u0105czy\u0107 ro\u015bliny ozdobne i u\u017cytkowe w harmonijn\u0105 ca\u0142o\u015b\u0107<\/p>\n","protected":false},"excerpt":{"rendered":"<p>Uprawa ro\u015blin nie musi by\u0107 trudna ani zarezerwowana dla profesjonalist\u00f3w. Ten blog powsta\u0142, aby inspirowa\u0107 i wspiera\u0107 wszystkich, kt\u00f3rzy chc\u0105 cieszy\u0107 si\u0119 w\u0142asnymi plonami i pi\u0119knym ogrodem. Znajdziesz tu wiedz\u0119 praktyczn\u0105, sprawdzone porady oraz przyst\u0119pne wyja\u015bnienia \u2013 bez fachowego \u017cargonu, za to z pasj\u0105 i sercem do natury. \u2728 Jak sadzi\u0107 i piel\u0119gnowa\u0107 warzywa w [&hellip;]<\/p>\n","protected":false},"author":1,"featured_media":0,"parent":0,"menu_order":0,"comment_status":"closed","ping_status":"closed","template":"","meta":{"footnotes":""},"class_list":["post-8","page","type-page","status-publish","hentry"],"_links":{"self":[{"href":"https:\/\/drezynykarpacz.pl\/index.php?rest_route=\/wp\/v2\/pages\/8","targetHints":{"allow":["GET"]}}],"collection":[{"href":"https:\/\/drezynykarpacz.pl\/index.php?rest_route=\/wp\/v2\/pages"}],"about":[{"href":"https:\/\/drezynykarpacz.pl\/index.php?rest_route=\/wp\/v2\/types\/page"}],"author":[{"embeddable":true,"href":"https:\/\/drezynykarpacz.pl\/index.php?rest_route=\/wp\/v2\/users\/1"}],"replies":[{"embeddable":true,"href":"https:\/\/drezynykarpacz.pl\/index.php?rest_route=%2Fwp%2Fv2%2Fcomments&post=8"}],"version-history":[{"count":0,"href":"https:\/\/drezynykarpacz.pl\/index.php?rest_route=\/wp\/v2\/pages\/8\/revisions"}],"wp:attachment":[{"href":"https:\/\/drezynykarpacz.pl\/index.php?rest_route=%2Fwp%2Fv2%2Fmedia&parent=8"}],"curies":[{"name":"wp","href":"https:\/\/api.w.org\/{rel}","templated":true}]}}